{"id":239597,"date":"2021-11-24T10:03:26","date_gmt":"2021-11-24T09:03:26","guid":{"rendered":"https:\/\/gohere.app\/metodo-hacer-una-aplicacion-app-de-marca-blanca\/"},"modified":"2023-12-04T14:48:39","modified_gmt":"2023-12-04T13:48:39","slug":"metodo-hacer-una-aplicacion-app-de-marca-blanca","status":"publish","type":"page","link":"https:\/\/gohere.app\/es\/metodo-hacer-una-aplicacion-app-de-marca-blanca\/","title":{"rendered":"M\u00e9todo: hacer una aplicaci\u00f3n app de marca blanca"},"content":{"rendered":"\t\t<div data-elementor-type=\"wp-page\" data-elementor-id=\"239597\" class=\"elementor elementor-239597 elementor-237430\" data-elementor-post-type=\"page\">\n\t\t\t\t\t\t<section class=\"elementor-section elementor-top-section elementor-element elementor-element-53f29dc elementor-section-height-min-height elementor-section-boxed elementor-section-height-default elementor-section-items-middle\" data-id=\"53f29dc\" data-element_type=\"section\" data-e-type=\"section\" data-settings=\"{&quot;background_background&quot;:&quot;classic&quot;}\">\n\t\t\t\t\t\t\t<div class=\"elementor-background-overlay\"><\/div>\n\t\t\t\t\t\t\t<div class=\"elementor-container elementor-column-gap-default\">\n\t\t\t\t\t<div class=\"elementor-column elementor-col-100 elementor-top-column elementor-element elementor-element-4937a84\" data-id=\"4937a84\" data-element_type=\"column\" data-e-type=\"column\">\n\t\t\t<div class=\"elementor-widget-wrap elementor-element-populated\">\n\t\t\t\t\t\t<div class=\"elementor-element elementor-element-082cce2 elementor-widget elementor-widget-heading\" data-id=\"082cce2\" data-element_type=\"widget\" data-e-type=\"widget\" data-widget_type=\"heading.default\">\n\t\t\t\t<div class=\"elementor-widget-container\">\n\t\t\t\t\t<h1 class=\"elementor-heading-title elementor-size-default\">M\u00c9TODO: HACER UNA APP DE MARCA BLANCA\n<\/h1>\t\t\t\t<\/div>\n\t\t\t\t<\/div>\n\t\t\t\t\t<\/div>\n\t\t<\/div>\n\t\t\t\t\t<\/div>\n\t\t<\/section>\n\t\t\t\t<section class=\"elementor-section elementor-top-section elementor-element elementor-element-a114427 elementor-section-boxed elementor-section-height-default elementor-section-height-default\" data-id=\"a114427\" data-element_type=\"section\" data-e-type=\"section\">\n\t\t\t\t\t\t<div class=\"elementor-container elementor-column-gap-default\">\n\t\t\t\t\t<div class=\"elementor-column elementor-col-100 elementor-top-column elementor-element elementor-element-aabf573\" data-id=\"aabf573\" data-element_type=\"column\" data-e-type=\"column\">\n\t\t\t<div class=\"elementor-widget-wrap elementor-element-populated\">\n\t\t\t\t\t\t<div class=\"elementor-element elementor-element-95c4073 elementor-widget elementor-widget-spacer\" data-id=\"95c4073\" data-element_type=\"widget\" data-e-type=\"widget\" data-widget_type=\"spacer.default\">\n\t\t\t\t<div class=\"elementor-widget-container\">\n\t\t\t\t\t\t\t<div class=\"elementor-spacer\">\n\t\t\t<div class=\"elementor-spacer-inner\"><\/div>\n\t\t<\/div>\n\t\t\t\t\t\t<\/div>\n\t\t\t\t<\/div>\n\t\t\t\t<div class=\"elementor-element elementor-element-213eb27 elementor-widget elementor-widget-heading\" data-id=\"213eb27\" data-element_type=\"widget\" data-e-type=\"widget\" data-widget_type=\"heading.default\">\n\t\t\t\t<div class=\"elementor-widget-container\">\n\t\t\t\t\t<h4 class=\"elementor-heading-title elementor-size-default\">UNA APP DE VIAJES PARA SU P\u00daBLICO OBJETIVO SIN COSTES INICALES EN MENOS DE 2 SEMANAS: \u00bfC\u00d3MO LO CONSEGUIMOS EN GOHERE? \u00a1NOS ENCANTAR\u00cdA CONTARTE M\u00c1S SOBRE ELLO!\n<\/h4>\t\t\t\t<\/div>\n\t\t\t\t<\/div>\n\t\t\t\t<div class=\"elementor-element elementor-element-4a63a4a elementor-widget elementor-widget-heading\" data-id=\"4a63a4a\" data-element_type=\"widget\" data-e-type=\"widget\" data-widget_type=\"heading.default\">\n\t\t\t\t<div class=\"elementor-widget-container\">\n\t\t\t\t\t<h2 class=\"elementor-heading-title elementor-size-default\">LA APP DE MARCA BLANCA DE GOHERE<\/h2>\t\t\t\t<\/div>\n\t\t\t\t<\/div>\n\t\t\t\t<div class=\"elementor-element elementor-element-4a61c30 elementor-widget elementor-widget-text-editor\" data-id=\"4a61c30\" data-element_type=\"widget\" data-e-type=\"widget\" data-widget_type=\"text-editor.default\">\n\t\t\t\t<div class=\"elementor-widget-container\">\n\t\t\t\t\t\t\t\t\tGoHere comenz\u00f3 como una aplicaci\u00f3n con consejos de viaje de amigos y familiares. Esto diferencia a GoHere de otras apps de viajes que se llenan con recomendaciones de extra\u00f1os. Este concepto funcion\u00f3 tan bien que GoHere ha puesto a disposici\u00f3n la aplicaci\u00f3n como marca blanca para agencias de viajes, entre otros.\n\t\t\t\t\t\t\t\t<\/div>\n\t\t\t\t<\/div>\n\t\t\t\t<div class=\"elementor-element elementor-element-7e2f632 elementor-widget elementor-widget-heading\" data-id=\"7e2f632\" data-element_type=\"widget\" data-e-type=\"widget\" data-widget_type=\"heading.default\">\n\t\t\t\t<div class=\"elementor-widget-container\">\n\t\t\t\t\t<h2 class=\"elementor-heading-title elementor-size-default\">\u00bfQU\u00c9 ES UNA APLICACI\u00d3N DE MARCA BLANCA?\n<\/h2>\t\t\t\t<\/div>\n\t\t\t\t<\/div>\n\t\t\t\t<div class=\"elementor-element elementor-element-eb35156 elementor-widget elementor-widget-text-editor\" data-id=\"eb35156\" data-element_type=\"widget\" data-e-type=\"widget\" data-widget_type=\"text-editor.default\">\n\t\t\t\t<div class=\"elementor-widget-container\">\n\t\t\t\t\t\t\t\t\tUna app de marca blanca est\u00e1 configurada para ser reproducible para m\u00faltiples marcas o compa\u00f1\u00edas que necesitan las mismas funciones dentro de la aplicaci\u00f3n. Debido a que el llamado \u00abc\u00f3digo base\u00bb se configura una vez, GoHere hace posible lanzar r\u00e1pidamente nuevas aplicaciones. No es visible en aparencia que se usa la misma base de c\u00f3digo. Los elementos  t\u00edpicos de la marca; como el logotipo, los colores, las fuentes y otros elementos visuales, se ajustan por aplicaci\u00f3n.\n\t\t\t\t\t\t\t\t<\/div>\n\t\t\t\t<\/div>\n\t\t\t\t<div class=\"elementor-element elementor-element-696129e elementor-widget elementor-widget-heading\" data-id=\"696129e\" data-element_type=\"widget\" data-e-type=\"widget\" data-widget_type=\"heading.default\">\n\t\t\t\t<div class=\"elementor-widget-container\">\n\t\t\t\t\t<h3 class=\"elementor-heading-title elementor-size-default\">\u00bfC\u00d3MO FUNCIONA EL CONCEPTO MARCA BLANCA DE GOHERE PARA TU EMPRESA?\n<\/h3>\t\t\t\t<\/div>\n\t\t\t\t<\/div>\n\t\t\t\t<div class=\"elementor-element elementor-element-48fbe6e elementor-widget elementor-widget-text-editor\" data-id=\"48fbe6e\" data-element_type=\"widget\" data-e-type=\"widget\" data-widget_type=\"text-editor.default\">\n\t\t\t\t<div class=\"elementor-widget-container\">\n\t\t\t\t\t\t\t\t\tLa esencia de la aplicaci\u00f3n sigue siendo siempre la misma: compartir recomendaciones de alguien de confianza con otros. Todas las apps se abren en un mapa mundi con funci\u00f3n de b\u00fasqueda donde se muestra una lista con las \u00faltimas sugerencias publicadas.\n\t\t\t\t\t\t\t\t<\/div>\n\t\t\t\t<\/div>\n\t\t\t\t<div class=\"elementor-element elementor-element-1c2cd91 elementor-widget elementor-widget-heading\" data-id=\"1c2cd91\" data-element_type=\"widget\" data-e-type=\"widget\" data-widget_type=\"heading.default\">\n\t\t\t\t<div class=\"elementor-widget-container\">\n\t\t\t\t\t<h2 class=\"elementor-heading-title elementor-size-default\">BENEFICIOS DE UNA APP DE MARCA BLANCA\n<\/h2>\t\t\t\t<\/div>\n\t\t\t\t<\/div>\n\t\t\t\t<div class=\"elementor-element elementor-element-56b284a elementor-widget elementor-widget-text-editor\" data-id=\"56b284a\" data-element_type=\"widget\" data-e-type=\"widget\" data-widget_type=\"text-editor.default\">\n\t\t\t\t<div class=\"elementor-widget-container\">\n\t\t\t\t\t\t\t\t\tLa gran ventaja de una app de marca blanca es que el tiempo de entrega es r\u00e1pido. La aplicaci\u00f3n estar\u00e1 lista para ser utilizada en dos semanas. Como organizaci\u00f3n, te beneficias de tener una app en el estilo de tu propia marca con todas las funcionalidades necesarias para compartir consejos. Otras ventajas de un concepto de marca blanca son:\n\n<ol>\n \t<li>Bajos costes de inversi\u00f3n por aplicaci\u00f3n al mes: sabes exactamente cu\u00e1l es tu posici\u00f3n, sin grandes gastos por adelantado.\n\/li>\n \t<li>Los elementos visuales se pueden personalizar por app: el hecho de que una aplicaci\u00f3n use el mismo c\u00f3digo no significa que tenga la misma aparencia. Las aplicaciones de marca blanca, como todas las dem\u00e1s aplicaciones, se pueden adaptar a tu propio estilo.\n<\/li>\n \t<li>La depuraci\u00f3n o debugging es para todas las apps: Todas las mejoras ocurren para todas las aplicaciones a la vez.\n<\/li>\n \t<li>No reinventes la rueda: hay muchas compa\u00f1\u00edas dentro de una organizaci\u00f3n que necesitan las mismas funcionalidades o enlaces en una app.\n<\/li>\n \t<li>Sin costes de configuraci\u00f3n: tu propia app, panel y portal en 2 semanas, sin costes adicionales.\n<\/li>\n<\/ol>\t\t\t\t\t\t\t\t<\/div>\n\t\t\t\t<\/div>\n\t\t\t\t<div class=\"elementor-element elementor-element-e351582 elementor-widget elementor-widget-heading\" data-id=\"e351582\" data-element_type=\"widget\" data-e-type=\"widget\" data-widget_type=\"heading.default\">\n\t\t\t\t<div class=\"elementor-widget-container\">\n\t\t\t\t\t<h3 class=\"elementor-heading-title elementor-size-default\">\u00bfPARA QUI\u00c9N ES ADECUADA LA APP MARCA BLANCA DE GOHERE? \n<\/h3>\t\t\t\t<\/div>\n\t\t\t\t<\/div>\n\t\t\t\t<div class=\"elementor-element elementor-element-99f4e8f elementor-widget elementor-widget-text-editor\" data-id=\"99f4e8f\" data-element_type=\"widget\" data-e-type=\"widget\" data-widget_type=\"text-editor.default\">\n\t\t\t\t<div class=\"elementor-widget-container\">\n\t\t\t\t\t\t\t\t\tLa app de GoHere es ideal para organizaciones dentro de la industria de viajes en el sentido m\u00e1s amplio de la palabra. Piensa en blogs de viajes, aerol\u00edneas o agencias de viajes. En la app de Transavia los viajeros pueden ver consejos de los miembros de la tripulaci\u00f3n de la aerol\u00ednea; en la app Ciao tutti, la blogger Saskia comparte consejos para viajeros en Italia; en la app exclusiva Au Pair se comparten consejos para au-pairs en el extranjero para que conozcan la regi\u00f3n de su familia anfitriona.\n\t\t\t\t\t\t\t\t<\/div>\n\t\t\t\t<\/div>\n\t\t\t\t<div class=\"elementor-element elementor-element-270a80c elementor-widget elementor-widget-heading\" data-id=\"270a80c\" data-element_type=\"widget\" data-e-type=\"widget\" data-widget_type=\"heading.default\">\n\t\t\t\t<div class=\"elementor-widget-container\">\n\t\t\t\t\t<h2 class=\"elementor-heading-title elementor-size-default\">\u00bfQU\u00c9 ELEMENTOS PUEDEN AJUSTARSE?\n<\/h2>\t\t\t\t<\/div>\n\t\t\t\t<\/div>\n\t\t\t\t<div class=\"elementor-element elementor-element-1d520a3 elementor-widget elementor-widget-text-editor\" data-id=\"1d520a3\" data-element_type=\"widget\" data-e-type=\"widget\" data-widget_type=\"text-editor.default\">\n\t\t\t\t<div class=\"elementor-widget-container\">\n\t\t\t\t\t\t\t\t\t<p>Como ya mencionado, una app de marca blanca se administra a trav\u00e9s de una \u00fanica base de c\u00f3digo. Como resultado, la mayor\u00eda de las funcionalidades dentro de la aplicaci\u00f3n est\u00e1n estandarizadas. Los elementos que se ajustan principalmente son los visuales. Piensa en el logotipo, los colores del estilo de la marca y el logotipo.<br \/>El hecho de que la aplicaci\u00f3n se gestione desde un \u00fanico c\u00f3digo base no significa que las actualizaciones se detengan. De hecho, GoHere mejora continuamente la aplicaci\u00f3n en funci\u00f3n de las aportaciones de los usuarios y todas las apps se benefician de esto a la vez.\u00a0<\/p>\t\t\t\t\t\t\t\t<\/div>\n\t\t\t\t<\/div>\n\t\t\t\t<div class=\"elementor-element elementor-element-67368c8 elementor-widget elementor-widget-heading\" data-id=\"67368c8\" data-element_type=\"widget\" data-e-type=\"widget\" data-widget_type=\"heading.default\">\n\t\t\t\t<div class=\"elementor-widget-container\">\n\t\t\t\t\t<h3 class=\"elementor-heading-title elementor-size-default\">AJUSTES \u00daNICOS<\/h3>\t\t\t\t<\/div>\n\t\t\t\t<\/div>\n\t\t\t\t<div class=\"elementor-element elementor-element-b0f221d elementor-widget elementor-widget-text-editor\" data-id=\"b0f221d\" data-element_type=\"widget\" data-e-type=\"widget\" data-widget_type=\"text-editor.default\">\n\t\t\t\t<div class=\"elementor-widget-container\">\n\t\t\t\t\t\t\t\t\tEn pr\u00e1ctica, sucede que ciertos ajustes son necesarios para una app individual. En GoHere nuestro objetivo es gestionar todo de forma centralizada, no obstante, eso no significa que ofrezcamos soluciones inteligentes para circunstancias individuales.\n\t\t\t\t\t\t\t\t<\/div>\n\t\t\t\t<\/div>\n\t\t\t\t<div class=\"elementor-element elementor-element-b4f5bee elementor-widget elementor-widget-heading\" data-id=\"b4f5bee\" data-element_type=\"widget\" data-e-type=\"widget\" data-widget_type=\"heading.default\">\n\t\t\t\t<div class=\"elementor-widget-container\">\n\t\t\t\t\t<h3 class=\"elementor-heading-title elementor-size-default\">\u00bfQU\u00c9 ELEMENTOS PERMANECEN SIEMPRE IGUAL?\n<\/h3>\t\t\t\t<\/div>\n\t\t\t\t<\/div>\n\t\t\t\t<div class=\"elementor-element elementor-element-0db8691 elementor-widget elementor-widget-text-editor\" data-id=\"0db8691\" data-element_type=\"widget\" data-e-type=\"widget\" data-widget_type=\"text-editor.default\">\n\t\t\t\t<div class=\"elementor-widget-container\">\n\t\t\t\t\t\t\t\t\tLa esencia de la app siempre es la misma: compartir consejos de una fuente de confianza con otros. Todas las apps se abren en un mapa mundi con funci\u00f3n de b\u00fasqueda donde se muestra una lista con las \u00faltimas sugerencias publicadas.\n\t\t\t\t\t\t\t\t<\/div>\n\t\t\t\t<\/div>\n\t\t\t\t<div class=\"elementor-element elementor-element-2d195bc elementor-widget elementor-widget-heading\" data-id=\"2d195bc\" data-element_type=\"widget\" data-e-type=\"widget\" data-widget_type=\"heading.default\">\n\t\t\t\t<div class=\"elementor-widget-container\">\n\t\t\t\t\t<h2 class=\"elementor-heading-title elementor-size-default\">APRENDE M\u00c1S SOBRE APPS DE MARCA BLANCA\n<\/h2>\t\t\t\t<\/div>\n\t\t\t\t<\/div>\n\t\t\t\t<div class=\"elementor-element elementor-element-06b8451 elementor-widget elementor-widget-text-editor\" data-id=\"06b8451\" data-element_type=\"widget\" data-e-type=\"widget\" data-widget_type=\"text-editor.default\">\n\t\t\t\t<div class=\"elementor-widget-container\">\n\t\t\t\t\t\t\t\t\t<p>Una aplicaci\u00f3n de marca blanca a menudo se presenta como un marco que se puede revender y luego desarrollar o modificar. En pr\u00e1ctica, esto no es tan simple debido a la gesti\u00f3n de costes y eficiencia que ofrece una plataforma de marca blanca. Cada organizaci\u00f3n funciona con diferentes enlaces que conectan bien con la tecnolog\u00eda de la app.<br \/>Por lo tanto, un concepto de marca blanca solo funciona cuando las diferentes aplicaciones de una empresa o industria pueden comunicarse con los mismos enlaces y se administran desde una base de c\u00f3digo.\u00a0<\/p>\t\t\t\t\t\t\t\t<\/div>\n\t\t\t\t<\/div>\n\t\t\t\t\t<\/div>\n\t\t<\/div>\n\t\t\t\t\t<\/div>\n\t\t<\/section>\n\t\t\t\t<\/div>\n\t\t","protected":false},"excerpt":{"rendered":"<p>M\u00c9TODO: HACER UNA APP DE MARCA BLANCA UNA APP DE VIAJES PARA SU P\u00daBLICO OBJETIVO SIN COSTES INICALES EN MENOS DE 2 SEMANAS: \u00bfC\u00d3MO LO CONSEGUIMOS EN GOHERE? \u00a1NOS ENCANTAR\u00cdA CONTARTE M\u00c1S SOBRE ELLO! LA APP DE MARCA BLANCA DE GOHERE GoHere comenz\u00f3 como una aplicaci\u00f3n con consejos de viaje de amigos y familiares. Esto &#8230; <a title=\"M\u00e9todo: hacer una aplicaci\u00f3n app de marca blanca\" class=\"read-more\" href=\"https:\/\/gohere.app\/es\/metodo-hacer-una-aplicacion-app-de-marca-blanca\/\" aria-label=\"Leer m\u00e1s sobre M\u00e9todo: hacer una aplicaci\u00f3n app de marca blanca\">Leer m\u00e1s<\/a><\/p>\n","protected":false},"author":8,"featured_media":0,"parent":0,"menu_order":0,"comment_status":"closed","ping_status":"closed","template":"elementor_header_footer","meta":{"_seopress_robots_primary_cat":"","_seopress_titles_title":"%%post_title%% %%sep%% %%sitetitle%%","_seopress_titles_desc":"Una app de marca blanca est\u00e1 configurada para ser reproducible para m\u00faltiples marcas o compa\u00f1\u00edas que necesitan las mismas funciones dentro de la aplicaci\u00f3n.","_seopress_robots_index":"","footnotes":""},"class_list":["post-239597","page","type-page","status-publish"],"_links":{"self":[{"href":"https:\/\/gohere.app\/es\/wp-json\/wp\/v2\/pages\/239597","targetHints":{"allow":["GET"]}}],"collection":[{"href":"https:\/\/gohere.app\/es\/wp-json\/wp\/v2\/pages"}],"about":[{"href":"https:\/\/gohere.app\/es\/wp-json\/wp\/v2\/types\/page"}],"author":[{"embeddable":true,"href":"https:\/\/gohere.app\/es\/wp-json\/wp\/v2\/users\/8"}],"replies":[{"embeddable":true,"href":"https:\/\/gohere.app\/es\/wp-json\/wp\/v2\/comments?post=239597"}],"version-history":[{"count":6,"href":"https:\/\/gohere.app\/es\/wp-json\/wp\/v2\/pages\/239597\/revisions"}],"predecessor-version":[{"id":240596,"href":"https:\/\/gohere.app\/es\/wp-json\/wp\/v2\/pages\/239597\/revisions\/240596"}],"wp:attachment":[{"href":"https:\/\/gohere.app\/es\/wp-json\/wp\/v2\/media?parent=239597"}],"curies":[{"name":"wp","href":"https:\/\/api.w.org\/{rel}","templated":true}]}}