{"id":239444,"date":"2022-02-28T10:36:31","date_gmt":"2022-02-28T09:36:31","guid":{"rendered":"https:\/\/gohere.app\/reisapp-travel-app\/"},"modified":"2023-01-26T18:00:51","modified_gmt":"2023-01-26T17:00:51","slug":"reisapp-travel-app","status":"publish","type":"page","link":"https:\/\/gohere.app\/es\/reisapp-travel-app\/","title":{"rendered":"Aplicacion de viajes (travel app)"},"content":{"rendered":"\t\t<div data-elementor-type=\"wp-page\" data-elementor-id=\"239444\" class=\"elementor elementor-239444 elementor-237476\" data-elementor-post-type=\"page\">\n\t\t\t\t\t\t<section class=\"elementor-section elementor-top-section elementor-element elementor-element-3ab737f elementor-section-height-min-height elementor-section-boxed elementor-section-height-default elementor-section-items-middle\" data-id=\"3ab737f\" data-element_type=\"section\" data-e-type=\"section\" data-settings=\"{&quot;background_background&quot;:&quot;classic&quot;}\">\n\t\t\t\t\t\t\t<div class=\"elementor-background-overlay\"><\/div>\n\t\t\t\t\t\t\t<div class=\"elementor-container elementor-column-gap-default\">\n\t\t\t\t\t<div class=\"elementor-column elementor-col-100 elementor-top-column elementor-element elementor-element-ef82e5b\" data-id=\"ef82e5b\" data-element_type=\"column\" data-e-type=\"column\">\n\t\t\t<div class=\"elementor-widget-wrap elementor-element-populated\">\n\t\t\t\t\t\t<div class=\"elementor-element elementor-element-ef97427 elementor-widget elementor-widget-heading\" data-id=\"ef97427\" data-element_type=\"widget\" data-e-type=\"widget\" data-widget_type=\"heading.default\">\n\t\t\t\t<div class=\"elementor-widget-container\">\n\t\t\t\t\t<h1 class=\"elementor-heading-title elementor-size-default\">Aplicaci\u00f3n de viajes\n<\/h1>\t\t\t\t<\/div>\n\t\t\t\t<\/div>\n\t\t\t\t\t<\/div>\n\t\t<\/div>\n\t\t\t\t\t<\/div>\n\t\t<\/section>\n\t\t\t\t<section class=\"elementor-section elementor-top-section elementor-element elementor-element-04d785f elementor-section-boxed elementor-section-height-default elementor-section-height-default\" data-id=\"04d785f\" data-element_type=\"section\" data-e-type=\"section\">\n\t\t\t\t\t\t<div class=\"elementor-container elementor-column-gap-default\">\n\t\t\t\t\t<div class=\"elementor-column elementor-col-100 elementor-top-column elementor-element elementor-element-50c8f88\" data-id=\"50c8f88\" data-element_type=\"column\" data-e-type=\"column\">\n\t\t\t<div class=\"elementor-widget-wrap elementor-element-populated\">\n\t\t\t\t\t\t<div class=\"elementor-element elementor-element-61cf1e6 elementor-widget elementor-widget-spacer\" data-id=\"61cf1e6\" data-element_type=\"widget\" data-e-type=\"widget\" data-widget_type=\"spacer.default\">\n\t\t\t\t<div class=\"elementor-widget-container\">\n\t\t\t\t\t\t\t<div class=\"elementor-spacer\">\n\t\t\t<div class=\"elementor-spacer-inner\"><\/div>\n\t\t<\/div>\n\t\t\t\t\t\t<\/div>\n\t\t\t\t<\/div>\n\t\t\t\t<div class=\"elementor-element elementor-element-f494ab8 elementor-widget elementor-widget-text-editor\" data-id=\"f494ab8\" data-element_type=\"widget\" data-e-type=\"widget\" data-widget_type=\"text-editor.default\">\n\t\t\t\t<div class=\"elementor-widget-container\">\n\t\t\t\t\t\t\t\t\t<div class=\"elementor-element elementor-element-d2d6579 elementor-widget elementor-widget-text-editor\" data-id=\"d2d6579\" data-element_type=\"widget\" data-widget_type=\"text-editor.default\"><div class=\"elementor-widget-container\">\u00bfQuieres desarrollar tu propia aplicaci\u00f3n para tu audiencia? Con nuestra aplicaci\u00f3n de viajes, puedes compartir informaci\u00f3n valiosa sobre un lugar para crear un viaje incre\u00edble con tu p\u00fablico meta. Creamos aplicaciones para agencias de viajes, comerciantes, aerol\u00edneas, comunidades y l\u00edneas de cruceros. \u00bfQuieres saber m\u00e1s sobre nuestro concepto? \u00a1P\u00f3nte en contacto con nosotros!<\/div><\/div><div class=\"elementor-element elementor-element-728ee71 elementor-widget elementor-widget-heading\" data-id=\"728ee71\" data-element_type=\"widget\" data-widget_type=\"heading.default\"><div class=\"elementor-widget-container\"><h2 class=\"elementor-heading-title elementor-size-default\">\u00bfQU\u00c9 HACE QUE GOHERE SEA \u00daNICO?<\/h2><\/div><\/div><div class=\"elementor-element elementor-element-851db44 elementor-widget elementor-widget-text-editor\" data-id=\"851db44\" data-element_type=\"widget\" data-widget_type=\"text-editor.default\"><div class=\"elementor-widget-container\"><h3>1. COMPARTE CONSEJOS DE VIAJE CON AMIGOS<\/h3><p>Nuestro concepto es \u00fanico en m\u00e1s de un sentido. Una gran caracter\u00edstica dentro de la plataforma es que puedes compartir consejos de la compa\u00f1\u00eda, y tambi\u00e9n puedes buscar amigos que usen una de las otras aplicaciones conectadas para seguir sus consejos. Como resultado el uso de la aplicaci\u00f3n no es de un solo uso, sino que los usuarios siguen regresando para mantenerse informados sobre nuevos restaurantes, hoteles y otras actividades divertidas para hacer.<\/p><h3>2. UN SERVICIO CON SUGERENCIAS REALES<\/h3><p>Toda la informaci\u00f3n de la aplicaci\u00f3n GoHere es compartida por personas reales. Muchas otras aplicaciones est\u00e1n influidas por rese\u00f1as falsas o por quien ofrece la puja m\u00e1s alta. Esto dificulta que la audiencia encuentre los aut\u00e9nticos, y por lo tanto, mejores consejos para su viaje.<\/p><h3>3. APLICACI\u00d3N R\u00c1PIDA Y SENCILLA BASADA EN EL CONCEPTO WHITE LABEL O MARCA BLANCA<\/h3><p>GoHere est\u00e1 basado en el concepto <a href=\"https:\/\/gohere.app\/es\/metodo-hacer-una-aplicacion-app-de-marca-blanca\/\">Marca Blanca<\/a>. Esto significa que todas las aplicaciones se basan en el mismo \u2018c\u00f3digo base\u2019. Por lo tanto, GoHere puede lanzar nuevas.<\/p><\/div><\/div><div class=\"elementor-element elementor-element-9463fcc elementor-widget elementor-widget-heading\" data-id=\"9463fcc\" data-element_type=\"widget\" data-widget_type=\"heading.default\"><div class=\"elementor-widget-container\"><h2 class=\"elementor-heading-title elementor-size-default\">C\u00d3MO FUNCIONA GOHERE PARA SU NEGOCIO<\/h2><\/div><\/div><div class=\"elementor-element elementor-element-9126633 elementor-widget elementor-widget-text-editor\" data-id=\"9126633\" data-element_type=\"widget\" data-widget_type=\"text-editor.default\"><div class=\"elementor-widget-container\"><p>Para Transavia, la app se usa para viajeros que pueden ver consejos de los miembros de la tripulaci\u00f3n, en la app Ciao Tutti, la Blogger Saskia comparte consejos para visitantes en Italia y en la app exclusiva Au Pairs se comparten consejos para au pairs en el extranjero para mejorar la regi\u00f3n. llegar a saber.<\/p><p>La esencia de la aplicaci\u00f3n siempre es la misma: compartir consejos de una fuente de confianza con otros. Todas las aplicaciones se abren en un mapa del mundo con una herramienta de b\u00fasqueda y se muestra una lista con los \u00faltimos consejos publicados.<\/p><p>\u00bfPara qu\u00e9 podemos usar tu aplicaci\u00f3n de viajes? \u00a1Si\u00e9ntete libre de contactarnos!\u00a0<\/p><\/div><\/div>\t\t\t\t\t\t\t\t<\/div>\n\t\t\t\t<\/div>\n\t\t\t\t\t<\/div>\n\t\t<\/div>\n\t\t\t\t\t<\/div>\n\t\t<\/section>\n\t\t\t\t<\/div>\n\t\t","protected":false},"excerpt":{"rendered":"<p>Aplicaci\u00f3n de viajes \u00bfQuieres desarrollar tu propia aplicaci\u00f3n para tu audiencia? Con nuestra aplicaci\u00f3n de viajes, puedes compartir informaci\u00f3n valiosa sobre un lugar para crear un viaje incre\u00edble con tu p\u00fablico meta. Creamos aplicaciones para agencias de viajes, comerciantes, aerol\u00edneas, comunidades y l\u00edneas de cruceros. \u00bfQuieres saber m\u00e1s sobre nuestro concepto? \u00a1P\u00f3nte en contacto con &#8230; <a title=\"Aplicacion de viajes (travel app)\" class=\"read-more\" href=\"https:\/\/gohere.app\/es\/reisapp-travel-app\/\" aria-label=\"Leer m\u00e1s sobre Aplicacion de viajes (travel app)\">Leer m\u00e1s<\/a><\/p>\n","protected":false},"author":8,"featured_media":0,"parent":0,"menu_order":0,"comment_status":"closed","ping_status":"closed","template":"elementor_header_footer","meta":{"_seopress_robots_primary_cat":"","_seopress_titles_title":"Aplicacion de viajes (travel app) | GoHere","_seopress_titles_desc":"\u00bfQuieres desarrollar tu propia aplicaci\u00f3n para tu audiencia? Con nuestra aplicaci\u00f3n de viajes, puedes compartir informaci\u00f3n valiosa sobre un lugar para crear un viaje incre\u00edble con tu p\u00fablico meta.","_seopress_robots_index":"","footnotes":""},"class_list":["post-239444","page","type-page","status-publish"],"_links":{"self":[{"href":"https:\/\/gohere.app\/es\/wp-json\/wp\/v2\/pages\/239444","targetHints":{"allow":["GET"]}}],"collection":[{"href":"https:\/\/gohere.app\/es\/wp-json\/wp\/v2\/pages"}],"about":[{"href":"https:\/\/gohere.app\/es\/wp-json\/wp\/v2\/types\/page"}],"author":[{"embeddable":true,"href":"https:\/\/gohere.app\/es\/wp-json\/wp\/v2\/users\/8"}],"replies":[{"embeddable":true,"href":"https:\/\/gohere.app\/es\/wp-json\/wp\/v2\/comments?post=239444"}],"version-history":[{"count":10,"href":"https:\/\/gohere.app\/es\/wp-json\/wp\/v2\/pages\/239444\/revisions"}],"predecessor-version":[{"id":239978,"href":"https:\/\/gohere.app\/es\/wp-json\/wp\/v2\/pages\/239444\/revisions\/239978"}],"wp:attachment":[{"href":"https:\/\/gohere.app\/es\/wp-json\/wp\/v2\/media?parent=239444"}],"curies":[{"name":"wp","href":"https:\/\/api.w.org\/{rel}","templated":true}]}}